{"id":2392,"date":"2021-09-08T09:31:08","date_gmt":"2021-09-08T09:31:08","guid":{"rendered":"https:\/\/modriweb.com\/projekti\/kocanasamem\/kako-do-nas\/"},"modified":"2021-09-27T07:26:08","modified_gmt":"2021-09-27T07:26:08","slug":"kako-do-nas","status":"publish","type":"page","link":"https:\/\/najemikoco.si\/de\/kako-do-nas\/","title":{"rendered":"Wie kommen Sie zu uns"},"content":{"rendered":"\t\t<div data-elementor-type=\"wp-page\" data-elementor-id=\"2392\" class=\"elementor elementor-2392\" data-elementor-settings=\"[]\">\n\t\t\t\t\t\t\t<div class=\"elementor-section-wrap\">\n\t\t\t\t\t\t\t<section class=\"elementor-section elementor-top-section elementor-element elementor-element-55cd879f elementor-section-boxed elementor-section-height-default elementor-section-height-default\" data-id=\"55cd879f\" data-element_type=\"section\" data-settings=\"{&quot;background_background&quot;:&quot;classic&quot;}\">\n\t\t\t\t\t\t\t<div class=\"elementor-background-overlay\"><\/div>\n\t\t\t\t\t\t\t<div class=\"elementor-container elementor-column-gap-default\">\n\t\t\t\t\t<div class=\"elementor-column elementor-col-100 elementor-top-column elementor-element elementor-element-4335bf4e\" data-id=\"4335bf4e\" data-element_type=\"column\">\n\t\t\t<div class=\"elementor-widget-wrap elementor-element-populated\">\n\t\t\t\t\t\t\t\t<div class=\"elementor-element elementor-element-6028c98f elementor-widget elementor-widget-heading\" data-id=\"6028c98f\" data-element_type=\"widget\" data-widget_type=\"heading.default\">\n\t\t\t\t<div class=\"elementor-widget-container\">\n\t\t\t<style>\/*! elementor - v3.5.3 - 28-12-2021 *\/\n.elementor-heading-title{padding:0;margin:0;line-height:1}.elementor-widget-heading .elementor-heading-title[class*=elementor-size-]>a{color:inherit;font-size:inherit;line-height:inherit}.elementor-widget-heading .elementor-heading-title.elementor-size-small{font-size:15px}.elementor-widget-heading .elementor-heading-title.elementor-size-medium{font-size:19px}.elementor-widget-heading .elementor-heading-title.elementor-size-large{font-size:29px}.elementor-widget-heading .elementor-heading-title.elementor-size-xl{font-size:39px}.elementor-widget-heading .elementor-heading-title.elementor-size-xxl{font-size:59px}<\/style><h2 class=\"elementor-heading-title elementor-size-default\">Wie kommen Sie zu uns<\/h2>\t\t<\/div>\n\t\t\t\t<\/div>\n\t\t\t\t<div class=\"elementor-element elementor-element-2ce0029b elementor-widget elementor-widget-image\" data-id=\"2ce0029b\" data-element_type=\"widget\" data-widget_type=\"image.default\">\n\t\t\t\t<div class=\"elementor-widget-container\">\n\t\t\t<style>\/*! elementor - v3.5.3 - 28-12-2021 *\/\n.elementor-widget-image{text-align:center}.elementor-widget-image a{display:inline-block}.elementor-widget-image a img[src$=\".svg\"]{width:48px}.elementor-widget-image img{vertical-align:middle;display:inline-block}<\/style>\t\t\t\t\t\t\t\t\t\t\t\t<img loading=\"lazy\" decoding=\"async\" width=\"2872\" height=\"494\" src=\"https:\/\/najemikoco.si\/wp-content\/uploads\/2021\/08\/divider.png\" class=\"attachment-large size-large\" alt=\"\" srcset=\"https:\/\/najemikoco.si\/wp-content\/uploads\/2021\/08\/divider.png 2872w, https:\/\/najemikoco.si\/wp-content\/uploads\/2021\/08\/divider-768x132.png 768w, https:\/\/najemikoco.si\/wp-content\/uploads\/2021\/08\/divider-1536x264.png 1536w, https:\/\/najemikoco.si\/wp-content\/uploads\/2021\/08\/divider-2048x352.png 2048w, https:\/\/najemikoco.si\/wp-content\/uploads\/2021\/08\/divider-600x103.png 600w\" sizes=\"auto, (max-width: 2872px) 100vw, 2872px\" \/>\t\t\t\t\t\t\t\t\t\t\t\t\t\t\t<\/div>\n\t\t\t\t<\/div>\n\t\t\t\t\t<\/div>\n\t\t<\/div>\n\t\t\t\t\t\t\t<\/div>\n\t\t<\/section>\n\t\t\t\t<section class=\"elementor-section elementor-top-section elementor-element elementor-element-e9b46d2 elementor-section-boxed elementor-section-height-default elementor-section-height-default\" data-id=\"e9b46d2\" data-element_type=\"section\">\n\t\t\t\t\t\t<div class=\"elementor-container elementor-column-gap-default\">\n\t\t\t\t\t<div class=\"elementor-column elementor-col-100 elementor-top-column elementor-element elementor-element-0dae915\" data-id=\"0dae915\" data-element_type=\"column\">\n\t\t\t<div class=\"elementor-widget-wrap elementor-element-populated\">\n\t\t\t\t\t\t\t\t<div class=\"elementor-element elementor-element-82a54ec elementor-widget elementor-widget-text-editor\" data-id=\"82a54ec\" data-element_type=\"widget\" data-widget_type=\"text-editor.default\">\n\t\t\t\t<div class=\"elementor-widget-container\">\n\t\t\t<style>\/*! elementor - v3.5.3 - 28-12-2021 *\/\n.elementor-widget-text-editor.elementor-drop-cap-view-stacked .elementor-drop-cap{background-color:#818a91;color:#fff}.elementor-widget-text-editor.elementor-drop-cap-view-framed .elementor-drop-cap{color:#818a91;border:3px solid;background-color:transparent}.elementor-widget-text-editor:not(.elementor-drop-cap-view-default) .elementor-drop-cap{margin-top:8px}.elementor-widget-text-editor:not(.elementor-drop-cap-view-default) .elementor-drop-cap-letter{width:1em;height:1em}.elementor-widget-text-editor .elementor-drop-cap{float:left;text-align:center;line-height:1;font-size:50px}.elementor-widget-text-editor .elementor-drop-cap-letter{display:inline-block}<\/style>\t\t\t\t<p>Berkovci 32, 9207 Prosenjakovci<br \/>\nSlowenien<\/p>\n<p><strong>Die H\u00fctte in der Abgeschiedenheit<\/strong> befindet sich im nord\u00f6stlichen Teil Sloweniens, in der Prekmurje-Region, genauer gesagt in der idyllischen Landschaft von Gori\u010dko, in dem Naturpark Gori\u010dko, in der N\u00e4he von Moravske Toplice.<br \/>\nDie H\u00fctte steht am Rande des D\u00f6rfchen namens Berkovci.<\/p>\n<p><strong>GPS koordinaten:<\/strong> 46.750201, 16.290904400000045<\/p>\n\t\t\t\t\t\t<\/div>\n\t\t\t\t<\/div>\n\t\t\t\t\t<\/div>\n\t\t<\/div>\n\t\t\t\t\t\t\t<\/div>\n\t\t<\/section>\n\t\t\t\t<section class=\"elementor-section elementor-top-section elementor-element elementor-element-7f9374a elementor-section-boxed elementor-section-height-default elementor-section-height-default\" data-id=\"7f9374a\" data-element_type=\"section\" data-settings=\"{&quot;background_background&quot;:&quot;classic&quot;}\">\n\t\t\t\t\t\t\t<div class=\"elementor-background-overlay\"><\/div>\n\t\t\t\t\t\t\t<div class=\"elementor-container elementor-column-gap-default\">\n\t\t\t\t\t<div class=\"elementor-column elementor-col-100 elementor-top-column elementor-element elementor-element-75c4d34\" data-id=\"75c4d34\" data-element_type=\"column\">\n\t\t\t<div class=\"elementor-widget-wrap elementor-element-populated\">\n\t\t\t\t\t\t\t\t<div class=\"elementor-element elementor-element-76718c3 elementor-widget elementor-widget-heading\" data-id=\"76718c3\" data-element_type=\"widget\" data-widget_type=\"heading.default\">\n\t\t\t\t<div class=\"elementor-widget-container\">\n\t\t\t<h2 class=\"elementor-heading-title elementor-size-default\">Der Weg zu uns<\/h2>\t\t<\/div>\n\t\t\t\t<\/div>\n\t\t\t\t<div class=\"elementor-element elementor-element-cb8e2d8 elementor-widget elementor-widget-text-editor\" data-id=\"cb8e2d8\" data-element_type=\"widget\" data-widget_type=\"text-editor.default\">\n\t\t\t\t<div class=\"elementor-widget-container\">\n\t\t\t\t\t\t\t<ol><li>Fahren Sie auf der Autobahn Maribor &#8211; Lendava. Verlassen Sie die Autobahn an der <strong>Ausfahrt Moravske Toplice und Gan\u010dani (d.h. 2 Ausfahrten von Murska Sobota)<\/strong>. Folgen Sie den Schildern nach Moravske Toplice. Sie fahren bis zum Dorf <strong>Bogojina<\/strong>.<\/li><li>In Bogojina biegen Sie an der Kreuzung <strong>links<\/strong> ab (Wegweiser nach Moravske Toplice).<\/li><li>Fahren sie bis zum Dorf Te\u0161anovci. In Te\u0161anovci biegen Sie am Feuerwehrhaus <strong>rechts<\/strong> ab (Wegweiser Selo und Vu\u010dja Gomila).<\/li><li>Setzen Sie Ihren Weg nach<strong> Vu\u010dja Gomila<\/strong> fort.<\/li><li>Fahren Sie weiter bis zum Dorf Selo. An der Kreuzung in Selo biegen Sie <strong>rechts<\/strong> ab.<\/li><li>Fahren Sie weiter auf der Hauptstra\u00dfe bis zum Dorf <strong>Prosenjakovci<\/strong>. In Prosenjakovci biegen Sie links ab (Wegweiser Kri\u017eevci).<\/li><li>Fahren Sie bis zum Dorf <strong>Berkovci<\/strong>. In Berkovci biegen Sie bei der Kirche <strong>links<\/strong> ab.<\/li><li>Fahren Sie den Weg entlang (ca. 0,5 km) und gleich nach der Br\u00fccke sehen Sie Ihr Ziel auf der rechten Seite: <strong>Ko\u010da na samem<\/strong>, Berkovci 32, Postamt Prosenjakovci.<\/li><\/ol>\t\t\t\t\t\t<\/div>\n\t\t\t\t<\/div>\n\t\t\t\t\t<\/div>\n\t\t<\/div>\n\t\t\t\t\t\t\t<\/div>\n\t\t<\/section>\n\t\t\t\t\t\t<\/div>\n\t\t\t\t\t<\/div>\n\t\t","protected":false},"excerpt":{"rendered":"<p>Wie kommen Sie zu uns Berkovci 32, 9207 Prosenjakovci Slowenien Die H\u00fctte in der Abgeschiedenheit befindet sich im nord\u00f6stlichen Teil Sloweniens, in der Prekmurje-Region, genauer gesagt in der idyllischen Landschaft von Gori\u010dko, in dem Naturpark Gori\u010dko, in der N\u00e4he von Moravske Toplice. Die H\u00fctte steht am Rande des D\u00f6rfchen namens Berkovci. GPS koordinaten: 46.750201, 16.290904400000045 [&hellip;]<\/p>\n","protected":false},"author":1,"featured_media":0,"parent":0,"menu_order":0,"comment_status":"closed","ping_status":"closed","template":"","meta":{"_acf_changed":false,"footnotes":""},"class_list":["post-2392","page","type-page","status-publish","hentry"],"acf":[],"_links":{"self":[{"href":"https:\/\/najemikoco.si\/de\/wp-json\/wp\/v2\/pages\/2392","targetHints":{"allow":["GET"]}}],"collection":[{"href":"https:\/\/najemikoco.si\/de\/wp-json\/wp\/v2\/pages"}],"about":[{"href":"https:\/\/najemikoco.si\/de\/wp-json\/wp\/v2\/types\/page"}],"author":[{"embeddable":true,"href":"https:\/\/najemikoco.si\/de\/wp-json\/wp\/v2\/users\/1"}],"replies":[{"embeddable":true,"href":"https:\/\/najemikoco.si\/de\/wp-json\/wp\/v2\/comments?post=2392"}],"version-history":[{"count":4,"href":"https:\/\/najemikoco.si\/de\/wp-json\/wp\/v2\/pages\/2392\/revisions"}],"predecessor-version":[{"id":3078,"href":"https:\/\/najemikoco.si\/de\/wp-json\/wp\/v2\/pages\/2392\/revisions\/3078"}],"wp:attachment":[{"href":"https:\/\/najemikoco.si\/de\/wp-json\/wp\/v2\/media?parent=2392"}],"curies":[{"name":"wp","href":"https:\/\/api.w.org\/{rel}","templated":true}]}}