{"id":2427,"date":"2021-09-08T10:01:15","date_gmt":"2021-09-08T10:01:15","guid":{"rendered":"https:\/\/modriweb.com\/projekti\/kocanasamem\/preisliste\/"},"modified":"2022-01-28T09:03:05","modified_gmt":"2022-01-28T09:03:05","slug":"preisliste","status":"publish","type":"page","link":"https:\/\/najemikoco.si\/de\/preisliste\/","title":{"rendered":"Preisliste"},"content":{"rendered":"\t\t<div data-elementor-type=\"wp-page\" data-elementor-id=\"2427\" class=\"elementor elementor-2427\" data-elementor-settings=\"[]\">\n\t\t\t\t\t\t\t<div class=\"elementor-section-wrap\">\n\t\t\t\t\t\t\t<section class=\"elementor-section elementor-top-section elementor-element elementor-element-dc519c2 elementor-section-boxed elementor-section-height-default elementor-section-height-default\" data-id=\"dc519c2\" data-element_type=\"section\" data-settings=\"{&quot;background_background&quot;:&quot;classic&quot;}\">\n\t\t\t\t\t\t\t<div class=\"elementor-background-overlay\"><\/div>\n\t\t\t\t\t\t\t<div class=\"elementor-container elementor-column-gap-default\">\n\t\t\t\t\t<div class=\"elementor-column elementor-col-100 elementor-top-column elementor-element elementor-element-48b6268a\" data-id=\"48b6268a\" data-element_type=\"column\">\n\t\t\t<div class=\"elementor-widget-wrap elementor-element-populated\">\n\t\t\t\t\t\t\t\t<div class=\"elementor-element elementor-element-79e5144f elementor-widget elementor-widget-heading\" data-id=\"79e5144f\" data-element_type=\"widget\" data-widget_type=\"heading.default\">\n\t\t\t\t<div class=\"elementor-widget-container\">\n\t\t\t<style>\/*! elementor - v3.5.3 - 28-12-2021 *\/\n.elementor-heading-title{padding:0;margin:0;line-height:1}.elementor-widget-heading .elementor-heading-title[class*=elementor-size-]>a{color:inherit;font-size:inherit;line-height:inherit}.elementor-widget-heading .elementor-heading-title.elementor-size-small{font-size:15px}.elementor-widget-heading .elementor-heading-title.elementor-size-medium{font-size:19px}.elementor-widget-heading .elementor-heading-title.elementor-size-large{font-size:29px}.elementor-widget-heading .elementor-heading-title.elementor-size-xl{font-size:39px}.elementor-widget-heading .elementor-heading-title.elementor-size-xxl{font-size:59px}<\/style><h2 class=\"elementor-heading-title elementor-size-default\">Preisliste<\/h2>\t\t<\/div>\n\t\t\t\t<\/div>\n\t\t\t\t<div class=\"elementor-element elementor-element-23fb9b6f elementor-widget elementor-widget-image\" data-id=\"23fb9b6f\" data-element_type=\"widget\" data-widget_type=\"image.default\">\n\t\t\t\t<div class=\"elementor-widget-container\">\n\t\t\t<style>\/*! elementor - v3.5.3 - 28-12-2021 *\/\n.elementor-widget-image{text-align:center}.elementor-widget-image a{display:inline-block}.elementor-widget-image a img[src$=\".svg\"]{width:48px}.elementor-widget-image img{vertical-align:middle;display:inline-block}<\/style>\t\t\t\t\t\t\t\t\t\t\t\t<img loading=\"lazy\" decoding=\"async\" width=\"2872\" height=\"494\" src=\"https:\/\/najemikoco.si\/wp-content\/uploads\/2021\/08\/divider.png\" class=\"attachment-large size-large\" alt=\"\" srcset=\"https:\/\/najemikoco.si\/wp-content\/uploads\/2021\/08\/divider.png 2872w, https:\/\/najemikoco.si\/wp-content\/uploads\/2021\/08\/divider-768x132.png 768w, https:\/\/najemikoco.si\/wp-content\/uploads\/2021\/08\/divider-1536x264.png 1536w, https:\/\/najemikoco.si\/wp-content\/uploads\/2021\/08\/divider-2048x352.png 2048w, https:\/\/najemikoco.si\/wp-content\/uploads\/2021\/08\/divider-600x103.png 600w\" sizes=\"auto, (max-width: 2872px) 100vw, 2872px\" \/>\t\t\t\t\t\t\t\t\t\t\t\t\t\t\t<\/div>\n\t\t\t\t<\/div>\n\t\t\t\t\t<\/div>\n\t\t<\/div>\n\t\t\t\t\t\t\t<\/div>\n\t\t<\/section>\n\t\t\t\t<section class=\"elementor-section elementor-top-section elementor-element elementor-element-349a5d66 elementor-section-boxed elementor-section-height-default elementor-section-height-default\" data-id=\"349a5d66\" data-element_type=\"section\">\n\t\t\t\t\t\t<div class=\"elementor-container elementor-column-gap-default\">\n\t\t\t\t\t<div class=\"elementor-column elementor-col-100 elementor-top-column elementor-element elementor-element-57a63484\" data-id=\"57a63484\" data-element_type=\"column\">\n\t\t\t<div class=\"elementor-widget-wrap elementor-element-populated\">\n\t\t\t\t\t\t\t\t<div class=\"elementor-element elementor-element-59df969 elementor-widget elementor-widget-heading\" data-id=\"59df969\" data-element_type=\"widget\" data-widget_type=\"heading.default\">\n\t\t\t\t<div class=\"elementor-widget-container\">\n\t\t\t<h2 class=\"elementor-heading-title elementor-size-default\">Termine vom 3. Januar bis 22. Dezember<\/h2>\t\t<\/div>\n\t\t\t\t<\/div>\n\t\t\t\t<div class=\"elementor-element elementor-element-1b9f68 elementor-widget elementor-widget-Table\" data-id=\"1b9f68\" data-element_type=\"widget\" data-widget_type=\"Table.default\">\n\t\t\t\t<div class=\"elementor-widget-container\">\n\t\t\t\t\t<table class=\"tafe-table\">\n\t\t\t<thead  class=\"tafe-table-header\">\n\t\t\t\t<tr>\n\t\t\t\t\t<th class=\"elementor-inline-editing elementor-repeater-item-b9f2890\"   ><\/th><th class=\"elementor-inline-editing elementor-repeater-item-930b639\"   >1-2 Personen<\/th><th class=\"elementor-inline-editing elementor-repeater-item-0c05fb7\"   >3-4 Personen<\/th><th class=\"elementor-inline-editing elementor-repeater-item-7dd3a9d\"   >5-6 Personen<\/th>\t\t\t\t<\/tr>\n\t\t\t<\/thead>\n\t\t\t<tbody class=\"tafe-table-body\">\n\t\t\t\t<tr>\n\t\t\t\t\t<td   class=\"elementor-repeater-item-64422e9\" ><strong>2 N\u00e4chte<\/strong><\/td><td   class=\"elementor-repeater-item-e315e78\" >460<\/td><td   class=\"elementor-repeater-item-20ad6b5\" >650<\/td><td   class=\"elementor-repeater-item-353cb7e\" >735<\/td><\/tr><tr><td   class=\"elementor-repeater-item-650b9cb\" ><strong>3 N\u00e4chte<\/strong><\/td><td   class=\"elementor-repeater-item-e0e1cb3\" >600<\/td><td   class=\"elementor-repeater-item-c23a337\" >830<\/td><td   class=\"elementor-repeater-item-0fe1727\" >975<\/td><\/tr><tr><td   class=\"elementor-repeater-item-548e613\" ><strong>4 N\u00e4chte<\/strong><\/td><td   class=\"elementor-repeater-item-78ab6b6\" >740<\/td><td   class=\"elementor-repeater-item-5641aa6\" >1010<\/td><td   class=\"elementor-repeater-item-c5098e3\" >1215<\/td><\/tr><tr><td   class=\"elementor-repeater-item-03daf75\" ><strong>5 N\u00e4chte<\/strong><\/td><td   class=\"elementor-repeater-item-ab177c7\" >880<\/td><td   class=\"elementor-repeater-item-75cfa12\" >1190<\/td><td   class=\"elementor-repeater-item-eff2482\" >1455<\/td><\/tr><tr><td   class=\"elementor-repeater-item-ca3947d\" ><strong>6 N\u00e4chte<\/strong><\/td><td   class=\"elementor-repeater-item-1671831\" >1020<\/td><td   class=\"elementor-repeater-item-1949439\" >1370<\/td><td   class=\"elementor-repeater-item-3668278\" >1695<\/td><\/tr><tr><td   class=\"elementor-repeater-item-4ba3883\" ><strong>7 N\u00e4chte<\/strong><\/td><td   class=\"elementor-repeater-item-9bbb296\" >1160<\/td><td   class=\"elementor-repeater-item-49626b3\" >1550<\/td><td   class=\"elementor-repeater-item-624d549\" >1935<\/td><\/tr><tr><td   class=\"elementor-repeater-item-696636e\" ><strong>Extra Nacht<\/strong><\/td><td   class=\"elementor-repeater-item-cee911c\" >140 EUR \/ Nacht<\/td><td   class=\"elementor-repeater-item-3fe777a\" >180 EUR \/ Nacht<\/td><td   class=\"elementor-repeater-item-0438964\" >240 EUR \/ Nacht<\/td>\t\t\t\t<\/tr>\n\t\t\t<\/tbody>\n\t\t<\/table>\n\t\t\n\t\t\t\t<\/div>\n\t\t\t\t<\/div>\n\t\t\t\t<section class=\"elementor-section elementor-inner-section elementor-element elementor-element-54df698 elementor-section-boxed elementor-section-height-default elementor-section-height-default\" data-id=\"54df698\" data-element_type=\"section\">\n\t\t\t\t\t\t<div class=\"elementor-container elementor-column-gap-default\">\n\t\t\t\t\t<div class=\"elementor-column elementor-col-50 elementor-inner-column elementor-element elementor-element-50eb831\" data-id=\"50eb831\" data-element_type=\"column\">\n\t\t\t<div class=\"elementor-widget-wrap elementor-element-populated\">\n\t\t\t\t\t\t\t\t<div class=\"elementor-element elementor-element-452209e elementor-widget elementor-widget-Table\" data-id=\"452209e\" data-element_type=\"widget\" data-widget_type=\"Table.default\">\n\t\t\t\t<div class=\"elementor-widget-container\">\n\t\t\t\t\t<table class=\"tafe-table\">\n\t\t\t<thead  class=\"tafe-table-header\">\n\t\t\t\t<tr>\n\t\t\t\t\t<th class=\"elementor-inline-editing elementor-repeater-item-b9f2890\"   >Weihnachtsferien<\/th>\t\t\t\t<\/tr>\n\t\t\t<\/thead>\n\t\t\t<tbody class=\"tafe-table-body\">\n\t\t\t\t<tr>\n\t\t\t\t\t<\/tr><tr><td   class=\"elementor-repeater-item-548e613\" >23. 12. - 26. 12.<\/td><\/tr><tr><td   class=\"elementor-repeater-item-03daf75\" >3 N\u00e4chte<\/td><\/tr><tr><td   class=\"elementor-repeater-item-ca3947d\" >1320 eur<\/td><\/tr><tr><td   class=\"elementor-repeater-item-4ba3883\" >max. 8 Personnen<\/td>\t\t\t\t<\/tr>\n\t\t\t<\/tbody>\n\t\t<\/table>\n\t\t\n\t\t\t\t<\/div>\n\t\t\t\t<\/div>\n\t\t\t\t\t<\/div>\n\t\t<\/div>\n\t\t\t\t<div class=\"elementor-column elementor-col-50 elementor-inner-column elementor-element elementor-element-8c300f1\" data-id=\"8c300f1\" data-element_type=\"column\">\n\t\t\t<div class=\"elementor-widget-wrap elementor-element-populated\">\n\t\t\t\t\t\t\t\t<div class=\"elementor-element elementor-element-a0d182a elementor-widget elementor-widget-Table\" data-id=\"a0d182a\" data-element_type=\"widget\" data-widget_type=\"Table.default\">\n\t\t\t\t<div class=\"elementor-widget-container\">\n\t\t\t\t\t<table class=\"tafe-table\">\n\t\t\t<thead  class=\"tafe-table-header\">\n\t\t\t\t<tr>\n\t\t\t\t\t<th class=\"elementor-inline-editing elementor-repeater-item-b9f2890\"   >Neujahrsferien<\/th>\t\t\t\t<\/tr>\n\t\t\t<\/thead>\n\t\t\t<tbody class=\"tafe-table-body\">\n\t\t\t\t<tr>\n\t\t\t\t\t<\/tr><tr><td   class=\"elementor-repeater-item-548e613\" >29. 12. - 2. 1.<\/td><\/tr><tr><td   class=\"elementor-repeater-item-03daf75\" >4 N\u00e4chte<\/td><\/tr><tr><td   class=\"elementor-repeater-item-ca3947d\" >1800 eur<\/td><\/tr><tr><td   class=\"elementor-repeater-item-4ba3883\" >max. 8 Personnen<\/td>\t\t\t\t<\/tr>\n\t\t\t<\/tbody>\n\t\t<\/table>\n\t\t\n\t\t\t\t<\/div>\n\t\t\t\t<\/div>\n\t\t\t\t\t<\/div>\n\t\t<\/div>\n\t\t\t\t\t\t\t<\/div>\n\t\t<\/section>\n\t\t\t\t<div class=\"elementor-element elementor-element-a1c823d elementor-widget elementor-widget-text-editor\" data-id=\"a1c823d\" data-element_type=\"widget\" data-widget_type=\"text-editor.default\">\n\t\t\t\t<div class=\"elementor-widget-container\">\n\t\t\t<style>\/*! elementor - v3.5.3 - 28-12-2021 *\/\n.elementor-widget-text-editor.elementor-drop-cap-view-stacked .elementor-drop-cap{background-color:#818a91;color:#fff}.elementor-widget-text-editor.elementor-drop-cap-view-framed .elementor-drop-cap{color:#818a91;border:3px solid;background-color:transparent}.elementor-widget-text-editor:not(.elementor-drop-cap-view-default) .elementor-drop-cap{margin-top:8px}.elementor-widget-text-editor:not(.elementor-drop-cap-view-default) .elementor-drop-cap-letter{width:1em;height:1em}.elementor-widget-text-editor .elementor-drop-cap{float:left;text-align:center;line-height:1;font-size:50px}.elementor-widget-text-editor .elementor-drop-cap-letter{display:inline-block}<\/style>\t\t\t\t<p>Der Preis beinhaltet: die Miete der ganzen H\u00fctte (Gr\u00f6\u00dfe: 130 m2), Wasser- und Elektrizit\u00e4tsverbrauch, Anfangs- und Endreinigung, Bettw\u00e4sche, Handt\u00fccher, WiFi-Internetverbindung, Brennholz, Kerzen.<\/p><p><em>Die Preise sind in \u20ac angegeben und enthalten die Mehrwertsteuer.<\/em><\/p>\t\t\t\t\t\t<\/div>\n\t\t\t\t<\/div>\n\t\t\t\t\t<\/div>\n\t\t<\/div>\n\t\t\t\t\t\t\t<\/div>\n\t\t<\/section>\n\t\t\t\t<section class=\"elementor-section elementor-top-section elementor-element elementor-element-67a1b2c elementor-section-boxed elementor-section-height-default elementor-section-height-default\" data-id=\"67a1b2c\" data-element_type=\"section\" data-settings=\"{&quot;background_background&quot;:&quot;classic&quot;}\">\n\t\t\t\t\t\t\t<div class=\"elementor-background-overlay\"><\/div>\n\t\t\t\t\t\t\t<div class=\"elementor-container elementor-column-gap-default\">\n\t\t\t\t\t<div class=\"elementor-column elementor-col-100 elementor-top-column elementor-element elementor-element-370d604\" data-id=\"370d604\" data-element_type=\"column\">\n\t\t\t<div class=\"elementor-widget-wrap elementor-element-populated\">\n\t\t\t\t\t\t\t\t<section class=\"elementor-section elementor-inner-section elementor-element elementor-element-0bdb89a elementor-section-boxed elementor-section-height-default elementor-section-height-default\" data-id=\"0bdb89a\" data-element_type=\"section\">\n\t\t\t\t\t\t<div class=\"elementor-container elementor-column-gap-default\">\n\t\t\t\t\t<div class=\"elementor-column elementor-col-100 elementor-inner-column elementor-element elementor-element-cf59e32 elementor-invisible\" data-id=\"cf59e32\" data-element_type=\"column\" data-settings=\"{&quot;background_background&quot;:&quot;classic&quot;,&quot;animation&quot;:&quot;fadeIn&quot;}\">\n\t\t\t<div class=\"elementor-widget-wrap elementor-element-populated\">\n\t\t\t\t\t\t\t\t<div class=\"elementor-element elementor-element-21054dc elementor-widget elementor-widget-heading\" data-id=\"21054dc\" data-element_type=\"widget\" data-widget_type=\"heading.default\">\n\t\t\t\t<div class=\"elementor-widget-container\">\n\t\t\t<h2 class=\"elementor-heading-title elementor-size-default\">Zuzahlungen<\/h2>\t\t<\/div>\n\t\t\t\t<\/div>\n\t\t\t\t<div class=\"elementor-element elementor-element-3f0613a elementor-widget elementor-widget-text-editor\" data-id=\"3f0613a\" data-element_type=\"widget\" data-widget_type=\"text-editor.default\">\n\t\t\t\t<div class=\"elementor-widget-container\">\n\t\t\t\t\t\t\t<p>\u2013 Kurtaxe: 2 Euro\/Person\/Nacht,<br \/>\n\u2013 Kurtaxe f\u00fcr Kinder von 7 bis 18 Jahre: 1 Euro\/Person\/Nacht,<br \/>\n\u2013 Zuzahlung f\u00fcr Haustiere: 5 Euro\/Nacht.<\/p>\n<p>Die Preisliste gilt ab 10. 08. 2020.<\/p>\n\t\t\t\t\t\t<\/div>\n\t\t\t\t<\/div>\n\t\t\t\t\t<\/div>\n\t\t<\/div>\n\t\t\t\t\t\t\t<\/div>\n\t\t<\/section>\n\t\t\t\t<section class=\"elementor-section elementor-inner-section elementor-element elementor-element-c70985b elementor-section-boxed elementor-section-height-default elementor-section-height-default\" data-id=\"c70985b\" data-element_type=\"section\">\n\t\t\t\t\t\t<div class=\"elementor-container elementor-column-gap-default\">\n\t\t\t\t\t<div class=\"elementor-column elementor-col-100 elementor-inner-column elementor-element elementor-element-3e4a4d8 elementor-invisible\" data-id=\"3e4a4d8\" data-element_type=\"column\" data-settings=\"{&quot;background_background&quot;:&quot;classic&quot;,&quot;animation&quot;:&quot;fadeIn&quot;}\">\n\t\t\t<div class=\"elementor-widget-wrap elementor-element-populated\">\n\t\t\t\t\t\t\t\t<div class=\"elementor-element elementor-element-ccca6a6 elementor-widget elementor-widget-heading\" data-id=\"ccca6a6\" data-element_type=\"widget\" data-widget_type=\"heading.default\">\n\t\t\t\t<div class=\"elementor-widget-container\">\n\t\t\t<h2 class=\"elementor-heading-title elementor-size-default\">Buchungsprozess:<\/h2>\t\t<\/div>\n\t\t\t\t<\/div>\n\t\t\t\t<div class=\"elementor-element elementor-element-263b4fa elementor-widget elementor-widget-text-editor\" data-id=\"263b4fa\" data-element_type=\"widget\" data-widget_type=\"text-editor.default\">\n\t\t\t\t<div class=\"elementor-widget-container\">\n\t\t\t\t\t\t\t<p>Nach der Buchung erhalten Sie per E-Mail Informationen \u00fcber Ihre Unterkunft und Einzelheiten zur Anzahlung. Wenn die Anzahlung nicht innerhalb von 24 Stunden eingeht, wird die Reservierung storniert.<\/p>\n<p>Reservierungen ohne Bezahlung sind nicht g\u00fcltig. Vielen Dank f\u00fcr Ihr Verst\u00e4ndnis<\/p>\n<p>Kinder unter 7 Jahren zahlen keine Kurtaxe.<br \/>\nKinder unter 7 Jahren \u00fcbernachten kostenlos.<\/p>\n<p>Haustiere sind erlaubt.<\/p>\n<p>Die H\u00fctte ist f\u00fcr maximal 8 Personen geeignet. Der Mindestaufenthalt betr\u00e4gt 2 N\u00e4chte.<\/p>\n<p>\u00dcbersetzt mit www.DeepL.com\/Translator (kostenlose Version)<\/p>\n\t\t\t\t\t\t<\/div>\n\t\t\t\t<\/div>\n\t\t\t\t\t<\/div>\n\t\t<\/div>\n\t\t\t\t\t\t\t<\/div>\n\t\t<\/section>\n\t\t\t\t\t<\/div>\n\t\t<\/div>\n\t\t\t\t\t\t\t<\/div>\n\t\t<\/section>\n\t\t\t\t\t\t<\/div>\n\t\t\t\t\t<\/div>\n\t\t","protected":false},"excerpt":{"rendered":"<p>Preisliste Termine vom 3. Januar bis 22. Dezember 1-2 Personen 3-4 Personen 5-6 Personen 2 N\u00e4chte 460 650 735 3 N\u00e4chte 600 830 975 4 N\u00e4chte 740 1010 1215 5 N\u00e4chte 880 1190 1455 6 N\u00e4chte 1020 1370 1695 7 N\u00e4chte 1160 1550 1935 Extra Nacht 140 EUR \/ Nacht 180 EUR \/ Nacht 240 [&hellip;]<\/p>\n","protected":false},"author":1,"featured_media":0,"parent":0,"menu_order":0,"comment_status":"closed","ping_status":"closed","template":"","meta":{"_acf_changed":false,"footnotes":""},"class_list":["post-2427","page","type-page","status-publish","hentry"],"acf":[],"_links":{"self":[{"href":"https:\/\/najemikoco.si\/de\/wp-json\/wp\/v2\/pages\/2427","targetHints":{"allow":["GET"]}}],"collection":[{"href":"https:\/\/najemikoco.si\/de\/wp-json\/wp\/v2\/pages"}],"about":[{"href":"https:\/\/najemikoco.si\/de\/wp-json\/wp\/v2\/types\/page"}],"author":[{"embeddable":true,"href":"https:\/\/najemikoco.si\/de\/wp-json\/wp\/v2\/users\/1"}],"replies":[{"embeddable":true,"href":"https:\/\/najemikoco.si\/de\/wp-json\/wp\/v2\/comments?post=2427"}],"version-history":[{"count":13,"href":"https:\/\/najemikoco.si\/de\/wp-json\/wp\/v2\/pages\/2427\/revisions"}],"predecessor-version":[{"id":3771,"href":"https:\/\/najemikoco.si\/de\/wp-json\/wp\/v2\/pages\/2427\/revisions\/3771"}],"wp:attachment":[{"href":"https:\/\/najemikoco.si\/de\/wp-json\/wp\/v2\/media?parent=2427"}],"curies":[{"name":"wp","href":"https:\/\/api.w.org\/{rel}","templated":true}]}}