{"id":4043,"date":"2022-07-04T11:13:00","date_gmt":"2022-07-04T11:13:00","guid":{"rendered":"https:\/\/najemikoco.si\/anfrage-einreichen\/"},"modified":"2022-07-04T11:13:59","modified_gmt":"2022-07-04T11:13:59","slug":"anfrage-einreichen","status":"publish","type":"page","link":"https:\/\/najemikoco.si\/de\/anfrage-einreichen\/","title":{"rendered":"Anfrage einreichen"},"content":{"rendered":"\t\t<div data-elementor-type=\"wp-page\" data-elementor-id=\"4043\" class=\"elementor elementor-4043\" data-elementor-settings=\"[]\">\n\t\t\t\t\t\t\t<div class=\"elementor-section-wrap\">\n\t\t\t\t\t\t\t<section class=\"elementor-section elementor-top-section elementor-element elementor-element-7d18243 elementor-section-boxed elementor-section-height-default elementor-section-height-default\" data-id=\"7d18243\" data-element_type=\"section\" data-settings=\"{&quot;background_background&quot;:&quot;classic&quot;}\">\n\t\t\t\t\t\t\t<div class=\"elementor-background-overlay\"><\/div>\n\t\t\t\t\t\t\t<div class=\"elementor-container elementor-column-gap-default\">\n\t\t\t\t\t<div class=\"elementor-column elementor-col-100 elementor-top-column elementor-element elementor-element-330d4b9\" data-id=\"330d4b9\" data-element_type=\"column\">\n\t\t\t<div class=\"elementor-widget-wrap elementor-element-populated\">\n\t\t\t\t\t\t\t\t<div class=\"elementor-element elementor-element-286f02c elementor-widget elementor-widget-heading\" data-id=\"286f02c\" data-element_type=\"widget\" data-widget_type=\"heading.default\">\n\t\t\t\t<div class=\"elementor-widget-container\">\n\t\t\t<style>\/*! elementor - v3.5.3 - 28-12-2021 *\/\n.elementor-heading-title{padding:0;margin:0;line-height:1}.elementor-widget-heading .elementor-heading-title[class*=elementor-size-]>a{color:inherit;font-size:inherit;line-height:inherit}.elementor-widget-heading .elementor-heading-title.elementor-size-small{font-size:15px}.elementor-widget-heading .elementor-heading-title.elementor-size-medium{font-size:19px}.elementor-widget-heading .elementor-heading-title.elementor-size-large{font-size:29px}.elementor-widget-heading .elementor-heading-title.elementor-size-xl{font-size:39px}.elementor-widget-heading .elementor-heading-title.elementor-size-xxl{font-size:59px}<\/style><h2 class=\"elementor-heading-title elementor-size-default\">ANFRAGE<\/h2>\t\t<\/div>\n\t\t\t\t<\/div>\n\t\t\t\t<div class=\"elementor-element elementor-element-20ea047 elementor-widget elementor-widget-image\" data-id=\"20ea047\" data-element_type=\"widget\" data-widget_type=\"image.default\">\n\t\t\t\t<div class=\"elementor-widget-container\">\n\t\t\t<style>\/*! elementor - v3.5.3 - 28-12-2021 *\/\n.elementor-widget-image{text-align:center}.elementor-widget-image a{display:inline-block}.elementor-widget-image a img[src$=\".svg\"]{width:48px}.elementor-widget-image img{vertical-align:middle;display:inline-block}<\/style>\t\t\t\t\t\t\t\t\t\t\t\t<img loading=\"lazy\" decoding=\"async\" width=\"2872\" height=\"494\" src=\"https:\/\/najemikoco.si\/wp-content\/uploads\/2021\/08\/divider.png\" class=\"attachment-large size-large\" alt=\"\" srcset=\"https:\/\/najemikoco.si\/wp-content\/uploads\/2021\/08\/divider.png 2872w, https:\/\/najemikoco.si\/wp-content\/uploads\/2021\/08\/divider-768x132.png 768w, https:\/\/najemikoco.si\/wp-content\/uploads\/2021\/08\/divider-1536x264.png 1536w, https:\/\/najemikoco.si\/wp-content\/uploads\/2021\/08\/divider-2048x352.png 2048w, https:\/\/najemikoco.si\/wp-content\/uploads\/2021\/08\/divider-600x103.png 600w\" sizes=\"auto, (max-width: 2872px) 100vw, 2872px\" \/>\t\t\t\t\t\t\t\t\t\t\t\t\t\t\t<\/div>\n\t\t\t\t<\/div>\n\t\t\t\t\t<\/div>\n\t\t<\/div>\n\t\t\t\t\t\t\t<\/div>\n\t\t<\/section>\n\t\t\t\t<section class=\"elementor-section elementor-top-section elementor-element elementor-element-68319c5 zasedeno-odpri-obrazec elementor-section-boxed elementor-section-height-default elementor-section-height-default\" data-id=\"68319c5\" data-element_type=\"section\">\n\t\t\t\t\t\t<div class=\"elementor-container elementor-column-gap-default\">\n\t\t\t\t\t<div class=\"elementor-column elementor-col-100 elementor-top-column elementor-element elementor-element-91be533 povprasevanje-loceno\" data-id=\"91be533\" data-element_type=\"column\">\n\t\t\t<div class=\"elementor-widget-wrap elementor-element-populated\">\n\t\t\t\t\t\t\t\t<div class=\"elementor-element elementor-element-bab92a8 elementor-widget elementor-widget-heading\" data-id=\"bab92a8\" data-element_type=\"widget\" data-widget_type=\"heading.default\">\n\t\t\t\t<div class=\"elementor-widget-container\">\n\t\t\t<h2 class=\"elementor-heading-title elementor-size-default\">Senden Sie Ihre Anfrage<\/h2>\t\t<\/div>\n\t\t\t\t<\/div>\n\t\t\t\t<div class=\"elementor-element elementor-element-d9c7917 elementor-widget elementor-widget-formidable\" data-id=\"d9c7917\" data-element_type=\"widget\" data-widget_type=\"formidable.default\">\n\t\t\t\t<div class=\"elementor-widget-container\">\n\t\t\t<div class=\"frm_forms  with_frm_style frm_style_formidable-style\" id=\"frm_form_6_container\" data-token=\"e87c8a38f7a0583d641b168d76cdec7e\">\n<form enctype=\"multipart\/form-data\" method=\"post\" class=\"frm-show-form \" id=\"form_povpraevanjezanajemkoe6375a44c1af65656fbcc\"  data-token=\"e87c8a38f7a0583d641b168d76cdec7e\">\n<div class=\"frm_form_fields \">\n<fieldset>\n<legend class=\"frm_screen_reader\">Povpra\u0161evanje za najem ko\u010de - DE<\/legend>\r\n\r\n<div class=\"frm_fields_container\">\n<input type=\"hidden\" name=\"frm_action\" value=\"create\" \/>\n<input type=\"hidden\" name=\"form_id\" value=\"6\" \/>\n<input type=\"hidden\" name=\"frm_hide_fields_6\" id=\"frm_hide_fields_6\" value=\"\" \/>\n<input type=\"hidden\" name=\"form_key\" value=\"povpraevanjezanajemkoe6375a44c1af65656fbcc\" \/>\n<input type=\"hidden\" name=\"item_meta[0]\" value=\"\" \/>\n<input type=\"hidden\" id=\"frm_submit_entry_6\" name=\"frm_submit_entry_6\" value=\"149d416c3d\" \/><input type=\"hidden\" name=\"_wp_http_referer\" value=\"\/de\/wp-json\/wp\/v2\/pages\/4043\" \/><div id=\"frm_field_45_container\" class=\"frm_form_field  frm_html_container form-field\">\n<div class=\"elementor-element elementor-element-d900e9e elementor-widget elementor-widget-text-editor\" data-id=\"d900e9e\" data-element_type=\"widget\" data-widget_type=\"text-editor.default\">\n<div class=\"elementor-widget-container\">\n<p style=\"text-align: center; font-weight: 400;\">Bitte f\u00fcllen Sie das untenstehende Formular aus und wir senden Ihnen die verf\u00fcgbaren Termine, die Sie buchen k\u00f6nnen.<\/p>\n<\/div>\n<\/div>\n<div class=\"elementor-element elementor-element-d9c7917 elementor-widget elementor-widget-formidable\" data-id=\"d9c7917\" data-element_type=\"widget\" data-widget_type=\"formidable.default\">\n<div class=\"elementor-widget-container\">\n<div id=\"frm_form_2_container\" class=\"frm_forms with_frm_style frm_style_formidable-style\" data-token=\"4b51c97c8feaef3aa16f2e6dd3242515\">\n<form id=\"form_povpraevanjezanajemkoe\" class=\"frm-show-form \" enctype=\"multipart\/form-data\" method=\"post\" data-token=\"4b51c97c8feaef3aa16f2e6dd3242515\">\n<div class=\"frm_form_fields \">\u00a0<\/div>\n<\/form>\n<\/div>\n<\/div>\n<\/div>\n<h3>Pers\u00f6nliche Informationen<\/h3>\n<\/div>\n<div id=\"frm_field_46_container\" class=\"frm_form_field form-field  frm_required_field frm_top_container\">\r\n    <label for=\"field_v22w70731e87e64a06a5d9b7e\" id=\"field_v22w70731e87e64a06a5d9b7e_label\" class=\"frm_primary_label\">Vorname und Nachname\r\n        <span class=\"frm_required\" aria-hidden=\"true\">*<\/span>\r\n    <\/label>\r\n    <input type=\"text\" id=\"field_v22w70731e87e64a06a5d9b7e\" name=\"item_meta[46]\" value=\"\"  data-reqmsg=\"This field cannot be blank.\" aria-required=\"true\" data-invmsg=\"Text is invalid\" aria-invalid=\"false\"  \/>\r\n    \r\n    \r\n<\/div>\n<div id=\"frm_field_47_container\" class=\"frm_form_field form-field  frm_required_field frm_top_container frm_half\">\r\n    <label for=\"field_cgf73017774b6f32f8e62c3ac\" id=\"field_cgf73017774b6f32f8e62c3ac_label\" class=\"frm_primary_label\">Email\r\n        <span class=\"frm_required\" aria-hidden=\"true\">*<\/span>\r\n    <\/label>\r\n    <input type=\"email\" id=\"field_cgf73017774b6f32f8e62c3ac\" name=\"item_meta[47]\" value=\"\"  data-reqmsg=\"This field cannot be blank.\" aria-required=\"true\" data-invmsg=\"Email is invalid\" aria-invalid=\"false\"  \/>\r\n    \r\n    \r\n<\/div>\n<div id=\"frm_field_48_container\" class=\"frm_form_field form-field  frm_required_field frm_top_container frm_half\">\r\n    <label for=\"field_c0uow3043bfcf11a0564cc25d\" id=\"field_c0uow3043bfcf11a0564cc25d_label\" class=\"frm_primary_label\">Telefon\r\n        <span class=\"frm_required\" aria-hidden=\"true\">*<\/span>\r\n    <\/label>\r\n    <input type=\"tel\" id=\"field_c0uow3043bfcf11a0564cc25d\" name=\"item_meta[48]\" value=\"\"  data-reqmsg=\"This field cannot be blank.\" aria-required=\"true\" data-invmsg=\"Phone is invalid\" aria-invalid=\"false\" pattern=\"((\\+\\d{1,3}(-|.| )?\\(?\\d\\)?(-| |.)?\\d{1,5})|(\\(?\\d{2,6}\\)?))(-|.| )?(\\d{3,4})(-|.| )?(\\d{4})(( x| ext)\\d{1,5}){0,1}$\"  \/>\r\n    \r\n    \r\n<\/div>\n<div id=\"frm_field_49_container\" class=\"frm_form_field  frm12 frm_first frm_html_container form-field\">\n<h3>Buchungsinformationen<\/h3>\n<\/div>\n<div id=\"frm_field_50_container\" class=\"frm_form_field  frm12 frm_first frm_html_container form-field\">Maximale G\u00e4stezahl ist 6<\/div>\n<div id=\"frm_field_51_container\" class=\"frm_form_field form-field  frm_required_field frm_top_container frm6 frm_first\">\r\n    <label for=\"field_pxppd8197af97caf60ac12ff\" id=\"field_pxppd8197af97caf60ac12ff_label\" class=\"frm_primary_label\">Anzahl der Erwachsenen\r\n        <span class=\"frm_required\" aria-hidden=\"true\">*<\/span>\r\n    <\/label>\r\n    <input type=\"number\" id=\"field_pxppd8197af97caf60ac12ff\" name=\"item_meta[51]\" value=\"\"  data-reqmsg=\"This field cannot be blank.\" aria-required=\"true\" data-invmsg=\"Number is invalid\" aria-invalid=\"false\"   min=\"0\" max=\"6\" step=\"1\"\/>\r\n    \r\n    \r\n<\/div>\n<div id=\"frm_field_52_container\" class=\"frm_form_field form-field  frm_required_field frm_top_container frm6\">\r\n    <label for=\"field_xjwnked172fb33036459f1520\" id=\"field_xjwnked172fb33036459f1520_label\" class=\"frm_primary_label\">Anzahl der Kinder \u00fcber 7 Jahre\r\n        <span class=\"frm_required\" aria-hidden=\"true\">*<\/span>\r\n    <\/label>\r\n    <input type=\"number\" id=\"field_xjwnked172fb33036459f1520\" name=\"item_meta[52]\" value=\"\"  data-reqmsg=\"This field cannot be blank.\" aria-required=\"true\" data-invmsg=\"Number is invalid\" aria-invalid=\"false\"   min=\"0\" max=\"5\" step=\"1\"\/>\r\n    \r\n    \r\n<\/div>\n<div id=\"frm_field_53_container\" class=\"frm_form_field form-field  frm_required_field frm_top_container frm6 frm_first\">\r\n    <label for=\"field_1vs7r6eeec4e868eca8309739\" id=\"field_1vs7r6eeec4e868eca8309739_label\" class=\"frm_primary_label\">Anzahl der Kinder bis zu 7 Jahren\r\n        <span class=\"frm_required\" aria-hidden=\"true\">*<\/span>\r\n    <\/label>\r\n    <input type=\"number\" id=\"field_1vs7r6eeec4e868eca8309739\" name=\"item_meta[53]\" value=\"\"  data-reqmsg=\"This field cannot be blank.\" aria-required=\"true\" data-invmsg=\"Number is invalid\" aria-invalid=\"false\"   min=\"0\" max=\"5\" step=\"1\"\/>\r\n    \r\n    \r\n<\/div>\n<div id=\"frm_field_54_container\" class=\"frm_form_field form-field  frm_required_field frm_top_container frm6\">\r\n    <label for=\"field_9txzvd00f466d6a6e59078152\" id=\"field_9txzvd00f466d6a6e59078152_label\" class=\"frm_primary_label\">Anzahl der N\u00e4chte\r\n        <span class=\"frm_required\" aria-hidden=\"true\">*<\/span>\r\n    <\/label>\r\n    <input type=\"number\" id=\"field_9txzvd00f466d6a6e59078152\" name=\"item_meta[54]\" value=\"\"  data-reqmsg=\"This field cannot be blank.\" aria-required=\"true\" data-invmsg=\"Number is invalid\" aria-invalid=\"false\"   min=\"2\" max=\"14\" step=\"1\"\/>\r\n    \r\n    \r\n<\/div>\n<div id=\"frm_field_55_container\" class=\"frm_form_field form-field  frm_required_field frm_top_container\">\r\n    <label for=\"field_fqhl04f0ada9047b115471f24\" id=\"field_fqhl04f0ada9047b115471f24_label\" class=\"frm_primary_label\">Anzahl der Haustiere (5\u20ac\/Tier\/Tag)\r\n        <span class=\"frm_required\" aria-hidden=\"true\">*<\/span>\r\n    <\/label>\r\n    <input type=\"number\" id=\"field_fqhl04f0ada9047b115471f24\" name=\"item_meta[55]\" value=\"\"  data-reqmsg=\"This field cannot be blank.\" aria-required=\"true\" data-invmsg=\"Number is invalid\" aria-invalid=\"false\"   min=\"0\" max=\"5\" step=\"any\"\/>\r\n    \r\n    \r\n<\/div>\n<div id=\"frm_field_56_container\" class=\"frm_form_field form-field  frm_top_container\">\r\n    <label for=\"field_48pmgd89f36703a06c1adb019\" id=\"field_48pmgd89f36703a06c1adb019_label\" class=\"frm_primary_label\">Anmerkungen\r\n        <span class=\"frm_required\" aria-hidden=\"true\"><\/span>\r\n    <\/label>\r\n    <textarea name=\"item_meta[56]\" id=\"field_48pmgd89f36703a06c1adb019\"  data-invmsg=\"Anmerkungen ist ung\u00fcltig\" aria-invalid=\"false\"  ><\/textarea>\r\n    \r\n    \r\n<\/div>\n<div id=\"frm_field_57_container\" class=\"frm_form_field form-field  frm_none_container frm12 frm_first\">\r\n    <label for=\"g-recaptcha-response\" id=\"field_gnva6538cf0c2ebaee3225a18_label\" class=\"frm_primary_label\">reCAPTCHA\r\n        <span class=\"frm_required\" aria-hidden=\"true\"><\/span>\r\n    <\/label>\r\n    <div id=\"field_gnva6538cf0c2ebaee3225a18\" class=\"frm-g-recaptcha\" data-sitekey=\"6Lf1St0cAAAAAPul9YRAEtTnzgZYHotUXubjsDMs\" data-size=\"normal\" data-theme=\"light\"><\/div>\r\n    \r\n    \r\n<\/div>\n\t<input type=\"hidden\" name=\"item_key\" value=\"\" \/>\n\t\t\t\t<div class=\"frm_verify\" aria-hidden=\"true\">\n\t\t\t\t<label for=\"frm_email_6\">\n\t\t\t\t\tFalls Du menschlich bist, lasse dieses Feld leer.\t\t\t\t<\/label>\n\t\t\t\t<input type=\"text\" class=\"frm_verify\" id=\"frm_email_6\" name=\"frm_verify\" value=\"\"  \/>\n\t\t\t<\/div>\n\t\t<div class=\"frm_submit\">\r\n\r\n<button class=\"frm_button_submit\" type=\"submit\"  >Anfrage senden<\/button>\r\n\r\n<\/div><\/div>\n<\/fieldset>\n<\/div>\n<\/form>\n<\/div>\n\t\t<\/div>\n\t\t\t\t<\/div>\n\t\t\t\t\t<\/div>\n\t\t<\/div>\n\t\t\t\t\t\t\t<\/div>\n\t\t<\/section>\n\t\t\t\t\t\t<\/div>\n\t\t\t\t\t<\/div>\n\t\t","protected":false},"excerpt":{"rendered":"<p>ANFRAGE Senden Sie Ihre Anfrage Povpra\u0161evanje za najem ko\u010de &#8211; DE Please fill in the form below and we will send you the available dates you can book. Your personal information Vorname und Nachname * Email * Telefon * Buchungsinformationen Maximale G\u00e4stezahl ist 6 Anzahl der Erwachsenen * Anzahl der Kinder \u00fcber 7 Jahre * [&hellip;]<\/p>\n","protected":false},"author":1,"featured_media":0,"parent":0,"menu_order":0,"comment_status":"closed","ping_status":"closed","template":"","meta":{"_acf_changed":false,"footnotes":""},"class_list":["post-4043","page","type-page","status-publish","hentry"],"acf":[],"_links":{"self":[{"href":"https:\/\/najemikoco.si\/de\/wp-json\/wp\/v2\/pages\/4043","targetHints":{"allow":["GET"]}}],"collection":[{"href":"https:\/\/najemikoco.si\/de\/wp-json\/wp\/v2\/pages"}],"about":[{"href":"https:\/\/najemikoco.si\/de\/wp-json\/wp\/v2\/types\/page"}],"author":[{"embeddable":true,"href":"https:\/\/najemikoco.si\/de\/wp-json\/wp\/v2\/users\/1"}],"replies":[{"embeddable":true,"href":"https:\/\/najemikoco.si\/de\/wp-json\/wp\/v2\/comments?post=4043"}],"version-history":[{"count":4,"href":"https:\/\/najemikoco.si\/de\/wp-json\/wp\/v2\/pages\/4043\/revisions"}],"predecessor-version":[{"id":4047,"href":"https:\/\/najemikoco.si\/de\/wp-json\/wp\/v2\/pages\/4043\/revisions\/4047"}],"wp:attachment":[{"href":"https:\/\/najemikoco.si\/de\/wp-json\/wp\/v2\/media?parent=4043"}],"curies":[{"name":"wp","href":"https:\/\/api.w.org\/{rel}","templated":true}]}}