{"id":4110,"date":"2025-08-13T16:20:29","date_gmt":"2025-08-13T16:20:29","guid":{"rendered":"https:\/\/najemikoco.si\/?page_id=4110"},"modified":"2025-08-14T06:53:36","modified_gmt":"2025-08-14T06:53:36","slug":"green-key","status":"publish","type":"page","link":"https:\/\/najemikoco.si\/de\/green-key\/","title":{"rendered":"Green Key"},"content":{"rendered":"\n<p>In unserem Unternehmen handeln wir im Rahmen der Erlangung des \u201eGreen Key\u201c-Zertifikats in allen Bereichen umweltfreundlich und sensibilisieren auch unsere Besucher daf\u00fcr.<\/p>\n\n\n\n<p>Deshalb suchen wir t\u00e4glich nach neuen L\u00f6sungen f\u00fcr einen verantwortungsvollen Umgang mit den verf\u00fcgbaren nat\u00fcrlichen Ressourcen. Mit kleinen Ma\u00dfnahmen sch\u00fctzen wir die Umwelt, denn wenn wir zusammenhalten, k\u00f6nnen wir die Welt ver\u00e4ndern.<\/p>\n\n\n\n<p>Aus den oben genannten Gr\u00fcnden bem\u00fchen wir uns gemeinsam mit unseren bisherigen G\u00e4sten, verantwortungsbewusst mit der Umwelt umzugehen. Wir freuen uns, wenn auch unsere zuk\u00fcnftigen G\u00e4ste unsere Ratschl\u00e4ge befolgen und so zu einer besseren Zukunft beitragen. Ebenso sind wir offen f\u00fcr Lob, Beschwerden, Verbesserungsvorschl\u00e4ge \u2026<\/p>\n\n\n\n<p>Einige Richtlinien, an die wir uns halten und an die Sie sich hoffentlich auch halten werden: M\u00fclltrennung in daf\u00fcr vorgesehene, deutlich gekennzeichnete Beh\u00e4lter, Leitungswasser trinken, Plastikflaschen in der Presse neben den Abfalleimern zusammendr\u00fccken, Lichter ausschalten, wenn sie nicht ben\u00f6tigt werden, Radfahren und Spazierg\u00e4nge auf nahegelegenen Wegen anstelle der Nutzung des Autos \u2026<\/p>\n\n\n\n<p>Vielen Dank f\u00fcr Ihre Mitarbeit \u2013 wir freuen uns auf Ihr Feedback!<\/p>\n\n\n\n<figure class=\"wp-block-image size-full is-resized\"><a href=\"http:\/\/www.greenkey.global\/\" target=\"_blank\" rel=\" noreferrer noopener\"><img loading=\"lazy\" decoding=\"async\" width=\"872\" height=\"1100\" src=\"https:\/\/najemikoco.si\/wp-content\/uploads\/2025\/08\/zeleni-kljuc.jpg\" alt=\"\" class=\"wp-image-4102\" style=\"width:150px\" srcset=\"https:\/\/najemikoco.si\/wp-content\/uploads\/2025\/08\/zeleni-kljuc.jpg 872w, https:\/\/najemikoco.si\/wp-content\/uploads\/2025\/08\/zeleni-kljuc-768x969.jpg 768w\" sizes=\"auto, (max-width: 872px) 100vw, 872px\" \/><\/a><\/figure>\n","protected":false},"excerpt":{"rendered":"<p>In unserem Unternehmen handeln wir im Rahmen der Erlangung des \u201eGreen Key\u201c-Zertifikats in allen Bereichen umweltfreundlich und sensibilisieren auch unsere Besucher daf\u00fcr. Deshalb suchen wir t\u00e4glich nach neuen L\u00f6sungen f\u00fcr einen verantwortungsvollen Umgang mit den verf\u00fcgbaren nat\u00fcrlichen Ressourcen. Mit kleinen Ma\u00dfnahmen sch\u00fctzen wir die Umwelt, denn wenn wir zusammenhalten, k\u00f6nnen wir die Welt ver\u00e4ndern. Aus [&hellip;]<\/p>\n","protected":false},"author":1,"featured_media":3937,"parent":0,"menu_order":0,"comment_status":"closed","ping_status":"closed","template":"","meta":{"_acf_changed":false,"footnotes":""},"class_list":["post-4110","page","type-page","status-publish","has-post-thumbnail","hentry"],"acf":[],"_links":{"self":[{"href":"https:\/\/najemikoco.si\/de\/wp-json\/wp\/v2\/pages\/4110","targetHints":{"allow":["GET"]}}],"collection":[{"href":"https:\/\/najemikoco.si\/de\/wp-json\/wp\/v2\/pages"}],"about":[{"href":"https:\/\/najemikoco.si\/de\/wp-json\/wp\/v2\/types\/page"}],"author":[{"embeddable":true,"href":"https:\/\/najemikoco.si\/de\/wp-json\/wp\/v2\/users\/1"}],"replies":[{"embeddable":true,"href":"https:\/\/najemikoco.si\/de\/wp-json\/wp\/v2\/comments?post=4110"}],"version-history":[{"count":2,"href":"https:\/\/najemikoco.si\/de\/wp-json\/wp\/v2\/pages\/4110\/revisions"}],"predecessor-version":[{"id":4141,"href":"https:\/\/najemikoco.si\/de\/wp-json\/wp\/v2\/pages\/4110\/revisions\/4141"}],"wp:featuredmedia":[{"embeddable":true,"href":"https:\/\/najemikoco.si\/de\/wp-json\/wp\/v2\/media\/3937"}],"wp:attachment":[{"href":"https:\/\/najemikoco.si\/de\/wp-json\/wp\/v2\/media?parent=4110"}],"curies":[{"name":"wp","href":"https:\/\/api.w.org\/{rel}","templated":true}]}}