{"id":2508,"date":"2021-09-09T08:41:56","date_gmt":"2021-09-09T08:41:56","guid":{"rendered":"https:\/\/modriweb.com\/projekti\/kocanasamem\/come-raggiungerci\/"},"modified":"2021-09-27T13:07:28","modified_gmt":"2021-09-27T13:07:28","slug":"come-raggiungerci","status":"publish","type":"page","link":"https:\/\/najemikoco.si\/it\/come-raggiungerci\/","title":{"rendered":"Come raggiungerci"},"content":{"rendered":"\t\t<div data-elementor-type=\"wp-page\" data-elementor-id=\"2508\" class=\"elementor elementor-2508\" data-elementor-settings=\"[]\">\n\t\t\t\t\t\t\t<div class=\"elementor-section-wrap\">\n\t\t\t\t\t\t\t<section class=\"elementor-section elementor-top-section elementor-element elementor-element-55cd879f elementor-section-boxed elementor-section-height-default elementor-section-height-default\" data-id=\"55cd879f\" data-element_type=\"section\" data-settings=\"{&quot;background_background&quot;:&quot;classic&quot;}\">\n\t\t\t\t\t\t\t<div class=\"elementor-background-overlay\"><\/div>\n\t\t\t\t\t\t\t<div class=\"elementor-container elementor-column-gap-default\">\n\t\t\t\t\t<div class=\"elementor-column elementor-col-100 elementor-top-column elementor-element elementor-element-4335bf4e\" data-id=\"4335bf4e\" data-element_type=\"column\">\n\t\t\t<div class=\"elementor-widget-wrap elementor-element-populated\">\n\t\t\t\t\t\t\t\t<div class=\"elementor-element elementor-element-6028c98f elementor-widget elementor-widget-heading\" data-id=\"6028c98f\" data-element_type=\"widget\" data-widget_type=\"heading.default\">\n\t\t\t\t<div class=\"elementor-widget-container\">\n\t\t\t<style>\/*! elementor - v3.5.3 - 28-12-2021 *\/\n.elementor-heading-title{padding:0;margin:0;line-height:1}.elementor-widget-heading .elementor-heading-title[class*=elementor-size-]>a{color:inherit;font-size:inherit;line-height:inherit}.elementor-widget-heading .elementor-heading-title.elementor-size-small{font-size:15px}.elementor-widget-heading .elementor-heading-title.elementor-size-medium{font-size:19px}.elementor-widget-heading .elementor-heading-title.elementor-size-large{font-size:29px}.elementor-widget-heading .elementor-heading-title.elementor-size-xl{font-size:39px}.elementor-widget-heading .elementor-heading-title.elementor-size-xxl{font-size:59px}<\/style><h2 class=\"elementor-heading-title elementor-size-default\">Come raggiungerci<\/h2>\t\t<\/div>\n\t\t\t\t<\/div>\n\t\t\t\t<div class=\"elementor-element elementor-element-2ce0029b elementor-widget elementor-widget-image\" data-id=\"2ce0029b\" data-element_type=\"widget\" data-widget_type=\"image.default\">\n\t\t\t\t<div class=\"elementor-widget-container\">\n\t\t\t<style>\/*! elementor - v3.5.3 - 28-12-2021 *\/\n.elementor-widget-image{text-align:center}.elementor-widget-image a{display:inline-block}.elementor-widget-image a img[src$=\".svg\"]{width:48px}.elementor-widget-image img{vertical-align:middle;display:inline-block}<\/style>\t\t\t\t\t\t\t\t\t\t\t\t<img loading=\"lazy\" decoding=\"async\" width=\"2872\" height=\"494\" src=\"https:\/\/najemikoco.si\/wp-content\/uploads\/2021\/08\/divider.png\" class=\"attachment-large size-large\" alt=\"\" srcset=\"https:\/\/najemikoco.si\/wp-content\/uploads\/2021\/08\/divider.png 2872w, https:\/\/najemikoco.si\/wp-content\/uploads\/2021\/08\/divider-768x132.png 768w, https:\/\/najemikoco.si\/wp-content\/uploads\/2021\/08\/divider-1536x264.png 1536w, https:\/\/najemikoco.si\/wp-content\/uploads\/2021\/08\/divider-2048x352.png 2048w, https:\/\/najemikoco.si\/wp-content\/uploads\/2021\/08\/divider-600x103.png 600w\" sizes=\"auto, (max-width: 2872px) 100vw, 2872px\" \/>\t\t\t\t\t\t\t\t\t\t\t\t\t\t\t<\/div>\n\t\t\t\t<\/div>\n\t\t\t\t\t<\/div>\n\t\t<\/div>\n\t\t\t\t\t\t\t<\/div>\n\t\t<\/section>\n\t\t\t\t<section class=\"elementor-section elementor-top-section elementor-element elementor-element-e9b46d2 elementor-section-boxed elementor-section-height-default elementor-section-height-default\" data-id=\"e9b46d2\" data-element_type=\"section\">\n\t\t\t\t\t\t<div class=\"elementor-container elementor-column-gap-default\">\n\t\t\t\t\t<div class=\"elementor-column elementor-col-100 elementor-top-column elementor-element elementor-element-0dae915\" data-id=\"0dae915\" data-element_type=\"column\">\n\t\t\t<div class=\"elementor-widget-wrap elementor-element-populated\">\n\t\t\t\t\t\t\t\t<div class=\"elementor-element elementor-element-82a54ec elementor-widget elementor-widget-text-editor\" data-id=\"82a54ec\" data-element_type=\"widget\" data-widget_type=\"text-editor.default\">\n\t\t\t\t<div class=\"elementor-widget-container\">\n\t\t\t<style>\/*! elementor - v3.5.3 - 28-12-2021 *\/\n.elementor-widget-text-editor.elementor-drop-cap-view-stacked .elementor-drop-cap{background-color:#818a91;color:#fff}.elementor-widget-text-editor.elementor-drop-cap-view-framed .elementor-drop-cap{color:#818a91;border:3px solid;background-color:transparent}.elementor-widget-text-editor:not(.elementor-drop-cap-view-default) .elementor-drop-cap{margin-top:8px}.elementor-widget-text-editor:not(.elementor-drop-cap-view-default) .elementor-drop-cap-letter{width:1em;height:1em}.elementor-widget-text-editor .elementor-drop-cap{float:left;text-align:center;line-height:1;font-size:50px}.elementor-widget-text-editor .elementor-drop-cap-letter{display:inline-block}<\/style>\t\t\t\t<p>Berkovci 32, 9207 Prosenjakovci<br \/>\nSlovenija<\/p>\n<p>&nbsp;<\/p>\n<p><strong>La Baita Appartata<\/strong> si trova nel nordest della Slovenia, nella provincia dell\u2019Oltremura, precisamente all\u2019interno dell\u2019idilliaco Parco naturale del Gori\u010dko vicino alle terme Moravske toplice nei paraggi di un piccolo paesino chiamato Berkovci.<\/p>\n<p><strong>Coordinate GPS<\/strong><strong>:\u00a0<\/strong>46.750201,\u00a016.290904400000045<\/p>\n\t\t\t\t\t\t<\/div>\n\t\t\t\t<\/div>\n\t\t\t\t\t<\/div>\n\t\t<\/div>\n\t\t\t\t\t\t\t<\/div>\n\t\t<\/section>\n\t\t\t\t<section class=\"elementor-section elementor-top-section elementor-element elementor-element-7f9374a elementor-section-boxed elementor-section-height-default elementor-section-height-default\" data-id=\"7f9374a\" data-element_type=\"section\" data-settings=\"{&quot;background_background&quot;:&quot;classic&quot;}\">\n\t\t\t\t\t\t\t<div class=\"elementor-background-overlay\"><\/div>\n\t\t\t\t\t\t\t<div class=\"elementor-container elementor-column-gap-default\">\n\t\t\t\t\t<div class=\"elementor-column elementor-col-100 elementor-top-column elementor-element elementor-element-75c4d34\" data-id=\"75c4d34\" data-element_type=\"column\">\n\t\t\t<div class=\"elementor-widget-wrap elementor-element-populated\">\n\t\t\t\t\t\t\t\t<div class=\"elementor-element elementor-element-76718c3 elementor-widget elementor-widget-heading\" data-id=\"76718c3\" data-element_type=\"widget\" data-widget_type=\"heading.default\">\n\t\t\t\t<div class=\"elementor-widget-container\">\n\t\t\t<h2 class=\"elementor-heading-title elementor-size-default\">Come raggiungerci<\/h2>\t\t<\/div>\n\t\t\t\t<\/div>\n\t\t\t\t<div class=\"elementor-element elementor-element-cb8e2d8 elementor-widget elementor-widget-text-editor\" data-id=\"cb8e2d8\" data-element_type=\"widget\" data-widget_type=\"text-editor.default\">\n\t\t\t\t<div class=\"elementor-widget-container\">\n\t\t\t\t\t\t\t<ol>\n<li>Prendere l&#8217;autostrada Maribor &#8211; Lendava. All&#8217;uscita <strong>Moravske Toplice e Gan\u010dani<\/strong> (questa \u00e8 2 uscite dopo Murska Sobota), lasciate l&#8217;autostrada. Seguire le indicazioni per Moravske Toplice. Andrete in macchina fino al villaggio di <strong>Bogojina<\/strong>.<\/li>\n<li>A Bogojina girerete a sinistra all&#8217;incrocio (cartello per Moravske Toplice).<\/li>\n<li>Andrete in macchina fino al villaggio di Te\u0161anovci. A Te\u0161anovci si gira a destra alla stazione dei pompieri (cartello Selo e Vu\u010dja Gomila).<\/li>\n<li>Continuerete fino a <strong>Vu\u010dja Gomila<\/strong>.<\/li>\n<li>Continuate a guidare fino al villaggio di Selo. All&#8217;incrocio di Selo, girare a destra.<\/li>\n<li>Continuate lungo la strada principale fino al villaggio di Prosenjakovci. A Prosenjakovci girare a sinistra (cartello Kri\u017eevci).<\/li>\n<li>Guida fino al villaggio di<strong> Berkovci<\/strong>. A Berkovci girerete a sinistra alla chiesa sulla vostra destra.<\/li>\n<li>Percorrete il sentiero (circa 0,5 km) e subito dopo aver attraversato il piccolo ponte vedrete la vostra destinazione sulla destra: Cottage on the spot, Berkovci 32, ufficio postale <strong>Prosenjakovci.<\/strong><\/li>\n<\/ol>\n\t\t\t\t\t\t<\/div>\n\t\t\t\t<\/div>\n\t\t\t\t\t<\/div>\n\t\t<\/div>\n\t\t\t\t\t\t\t<\/div>\n\t\t<\/section>\n\t\t\t\t\t\t<\/div>\n\t\t\t\t\t<\/div>\n\t\t","protected":false},"excerpt":{"rendered":"<p>Come raggiungerci Berkovci 32, 9207 Prosenjakovci Slovenija &nbsp; La Baita Appartata si trova nel nordest della Slovenia, nella provincia dell\u2019Oltremura, precisamente all\u2019interno dell\u2019idilliaco Parco naturale del Gori\u010dko vicino alle terme Moravske toplice nei paraggi di un piccolo paesino chiamato Berkovci. Coordinate GPS:\u00a046.750201,\u00a016.290904400000045 Come raggiungerci Prendere l&#8217;autostrada Maribor &#8211; Lendava. All&#8217;uscita Moravske Toplice e Gan\u010dani (questa [&hellip;]<\/p>\n","protected":false},"author":1,"featured_media":0,"parent":0,"menu_order":0,"comment_status":"closed","ping_status":"closed","template":"","meta":{"_acf_changed":false,"footnotes":""},"class_list":["post-2508","page","type-page","status-publish","hentry"],"acf":[],"_links":{"self":[{"href":"https:\/\/najemikoco.si\/it\/wp-json\/wp\/v2\/pages\/2508","targetHints":{"allow":["GET"]}}],"collection":[{"href":"https:\/\/najemikoco.si\/it\/wp-json\/wp\/v2\/pages"}],"about":[{"href":"https:\/\/najemikoco.si\/it\/wp-json\/wp\/v2\/types\/page"}],"author":[{"embeddable":true,"href":"https:\/\/najemikoco.si\/it\/wp-json\/wp\/v2\/users\/1"}],"replies":[{"embeddable":true,"href":"https:\/\/najemikoco.si\/it\/wp-json\/wp\/v2\/comments?post=2508"}],"version-history":[{"count":3,"href":"https:\/\/najemikoco.si\/it\/wp-json\/wp\/v2\/pages\/2508\/revisions"}],"predecessor-version":[{"id":2523,"href":"https:\/\/najemikoco.si\/it\/wp-json\/wp\/v2\/pages\/2508\/revisions\/2523"}],"wp:attachment":[{"href":"https:\/\/najemikoco.si\/it\/wp-json\/wp\/v2\/media?parent=2508"}],"curies":[{"name":"wp","href":"https:\/\/api.w.org\/{rel}","templated":true}]}}